{"id":714,"date":"2026-03-13T15:24:43","date_gmt":"2026-03-13T15:24:43","guid":{"rendered":"https:\/\/aercana.com\/product\/patek-philippe-complications-5146g-001\/"},"modified":"2026-04-10T07:31:24","modified_gmt":"2026-04-10T07:31:24","slug":"patek-philippe-complications-5146g-001","status":"publish","type":"product","link":"https:\/\/aercana.com\/de\/product\/patek-philippe-complications-5146g-001\/","title":{"rendered":"Patek Philippe Complications 5146G-001"},"content":{"rendered":"<ul>\n<li data-start=\"96\" data-end=\"132\">\n<p data-start=\"98\" data-end=\"132\"><strong data-start=\"98\" data-end=\"116\">D\u00f2ng s\u1ea3n ph\u1ea9m:<\/strong> Complications<\/p>\n<\/li>\n<li data-start=\"133\" data-end=\"201\">\n<p data-start=\"135\" data-end=\"201\"><strong data-start=\"135\" data-end=\"152\">\u0110\u1ed9 ch\u00ednh x\u00e1c:<\/strong> \u22122 \/ +2 gi\u00e2y\/ng\u00e0y (sau khi l\u1eafp \u0111\u1eb7t ho\u00e0n ch\u1ec9nh)<\/p>\n<\/li>\n<li data-start=\"202\" data-end=\"226\">\n<p data-start=\"204\" data-end=\"226\"><strong data-start=\"204\" data-end=\"219\">Ch\u1ed1ng n\u01b0\u1edbc:<\/strong> 30 m<\/p>\n<\/li>\n<li data-start=\"227\" data-end=\"296\">\n<p data-start=\"229\" data-end=\"249\"><strong data-start=\"229\" data-end=\"247\">K\u00edch th\u01b0\u1edbc v\u1ecf:<\/strong><\/p>\n<ul data-start=\"252\" data-end=\"296\">\n<li data-start=\"252\" data-end=\"273\">\n<p data-start=\"254\" data-end=\"273\">\u0110\u01b0\u1eddng k\u00ednh: 39 mm<\/p>\n<\/li>\n<li data-start=\"276\" data-end=\"296\">\n<p data-start=\"278\" data-end=\"296\">\u0110\u1ed9 d\u00e0y: 11.23 mm<\/p>\n<\/li>\n<\/ul>\n<\/li>\n<li data-start=\"297\" data-end=\"380\">\n<p data-start=\"299\" data-end=\"380\"><strong data-start=\"299\" data-end=\"314\">V\u00e0nh bezel:<\/strong> V\u00e0ng tr\u1eafng nguy\u00ean kh\u1ed1i ho\u1eb7c th\u00e9p kh\u00f4ng g\u1ec9, ho\u00e0n thi\u1ec7n \u0111\u00e1nh b\u00f3ng<\/p>\n<\/li>\n<li data-start=\"381\" data-end=\"435\">\n<p data-start=\"383\" data-end=\"435\"><strong data-start=\"383\" data-end=\"394\">B\u1ed9 m\u00e1y:<\/strong> M\u00e1y c\u01a1 t\u1ef1 \u0111\u1ed9ng Calibre 324 S IRM QA LU<\/p>\n<\/li>\n<li data-start=\"436\" data-end=\"499\">\n<p data-start=\"438\" data-end=\"499\"><strong data-start=\"438\" data-end=\"455\">Ch\u1ea5t li\u1ec7u v\u1ecf:<\/strong> V\u00e0ng tr\u1eafng nguy\u00ean kh\u1ed1i ho\u1eb7c th\u00e9p kh\u00f4ng g\u1ec9<\/p>\n<\/li>\n<li data-start=\"500\" data-end=\"563\">\n<p data-start=\"502\" data-end=\"515\"><strong data-start=\"502\" data-end=\"513\">M\u1eb7t s\u1ed1:<\/strong><\/p>\n<ul data-start=\"518\" data-end=\"563\">\n<li data-start=\"518\" data-end=\"529\">\n<p data-start=\"520\" data-end=\"529\">M\u00e0u kem<\/p>\n<\/li>\n<li data-start=\"532\" data-end=\"563\">\n<p data-start=\"534\" data-end=\"563\">C\u1ecdc gi\u1edd v\u00e0 ch\u1eef s\u1ed1 b\u1eb1ng v\u00e0ng<\/p>\n<\/li>\n<\/ul>\n<\/li>\n<li data-start=\"564\" data-end=\"590\">\n<p data-start=\"566\" data-end=\"590\"><strong data-start=\"566\" data-end=\"579\">M\u1eb7t k\u00ednh:<\/strong> Sapphire<\/p>\n<\/li>\n<li data-start=\"591\" data-end=\"621\">\n<p data-start=\"593\" data-end=\"621\"><strong data-start=\"593\" data-end=\"605\">D\u00e2y \u0111eo:<\/strong> D\u00e2y da c\u00e1 s\u1ea5u<\/p>\n<\/li>\n<li data-start=\"622\" data-end=\"693\">\n<p data-start=\"624\" data-end=\"693\"><strong data-start=\"624\" data-end=\"633\">Kh\u00f3a:<\/strong> G\u1eadp Complications clasp b\u1eb1ng v\u00e0ng h\u1ed3ng ho\u1eb7c th\u00e9p kh\u00f4ng g\u1ec9<\/p>\n<\/li>\n<li data-start=\"694\" data-end=\"734\">\n<p data-start=\"696\" data-end=\"734\"><strong data-start=\"696\" data-end=\"708\">Xu\u1ea5t x\u1ee9:<\/strong> Nh\u00e0 m\u00e1y \u0111\u1ed3ng h\u1ed3 Th\u1ee5y S\u0129<\/p>\n<\/li>\n<\/ul>","protected":false},"excerpt":{"rendered":"<p>D\u00f2ng s\u1ea3n ph\u1ea9m: Complications \u0110\u1ed9 ch\u00ednh x\u00e1c: \u22122 \/ +2 gi\u00e2y\/ng\u00e0y (sau khi l\u1eafp \u0111\u1eb7t ho\u00e0n ch\u1ec9nh) Ch\u1ed1ng n\u01b0\u1edbc: 30 m K\u00edch th\u01b0\u1edbc v\u1ecf: \u0110\u01b0\u1eddng k\u00ednh: 39 mm \u0110\u1ed9 d\u00e0y: 11.23 mm V\u00e0nh bezel: V\u00e0ng tr\u1eafng nguy\u00ean kh\u1ed1i ho\u1eb7c th\u00e9p kh\u00f4ng g\u1ec9, ho\u00e0n thi\u1ec7n \u0111\u00e1nh b\u00f3ng B\u1ed9 m\u00e1y: M\u00e1y c\u01a1 t\u1ef1 \u0111\u1ed9ng Calibre 324 S [&#8230;]\n","protected":false},"featured_media":715,"comment_status":"open","ping_status":"open","template":"","meta":[],"product_brand":[142],"product_cat":[170,61],"product_tag":[],"class_list":{"0":"post-714","1":"product","2":"type-product","3":"status-publish","4":"has-post-thumbnail","6":"product_brand-patek-philippe","7":"product_cat-complications","8":"product_cat-patek-philippe","10":"first","11":"instock","12":"sale","13":"purchasable","14":"product-type-variable"},"_links":{"self":[{"href":"https:\/\/aercana.com\/de\/wp-json\/wp\/v2\/product\/714","targetHints":{"allow":["GET"]}}],"collection":[{"href":"https:\/\/aercana.com\/de\/wp-json\/wp\/v2\/product"}],"about":[{"href":"https:\/\/aercana.com\/de\/wp-json\/wp\/v2\/types\/product"}],"replies":[{"embeddable":true,"href":"https:\/\/aercana.com\/de\/wp-json\/wp\/v2\/comments?post=714"}],"wp:featuredmedia":[{"embeddable":true,"href":"https:\/\/aercana.com\/de\/wp-json\/wp\/v2\/media\/715"}],"wp:attachment":[{"href":"https:\/\/aercana.com\/de\/wp-json\/wp\/v2\/media?parent=714"}],"wp:term":[{"taxonomy":"product_brand","embeddable":true,"href":"https:\/\/aercana.com\/de\/wp-json\/wp\/v2\/product_brand?post=714"},{"taxonomy":"product_cat","embeddable":true,"href":"https:\/\/aercana.com\/de\/wp-json\/wp\/v2\/product_cat?post=714"},{"taxonomy":"product_tag","embeddable":true,"href":"https:\/\/aercana.com\/de\/wp-json\/wp\/v2\/product_tag?post=714"}],"curies":[{"name":"wp","href":"https:\/\/api.w.org\/{rel}","templated":true}]}}