{"id":2763,"date":"2026-03-14T03:29:50","date_gmt":"2026-03-14T03:29:50","guid":{"rendered":"https:\/\/aercana.com\/product\/rolex-datejust-31-oyster-31-mm-yellow-gold\/"},"modified":"2026-04-04T07:03:43","modified_gmt":"2026-04-04T07:03:43","slug":"rolex-datejust-31-oyster-31-mm-yellow-gold","status":"publish","type":"product","link":"https:\/\/aercana.com\/de\/product\/rolex-datejust-31-oyster-31-mm-yellow-gold\/","title":{"rendered":"Rolex Datejust 31 Oyster, 31 mm, yellow gold"},"content":{"rendered":"<div class=\"rlx-v7-watch-specs__spec-item\">REFERENCEM278278-0049<\/div>\n<div class=\"rlx-v7-watch-specs__spec-item\">MODEL CASEOyster, 31 mm, yellow gold<\/div>\n<div class=\"rlx-v7-watch-specs__spec-item\">BEZELFluted<\/div>\n<div class=\"rlx-v7-watch-specs__spec-item\">WATER-RESISTANCEWaterproof to 100 metres \/ 330 feet<\/div>\n<div class=\"rlx-v7-watch-specs__spec-item\">MOVEMENTPerpetual, mechanical, self-winding<\/div>\n<div class=\"rlx-v7-watch-specs__spec-item\">CALIBRE2236, Manufacture Rolex<\/div>\n<div class=\"rlx-v7-watch-specs__spec-item\">POWER RESERVEApproximately 55 hours<\/div>\n<div class=\"rlx-v7-watch-specs__spec-item\">BRACELETPresident, semi-circular three-piece links<\/div>\n<div class=\"rlx-v7-watch-specs__spec-item\">DIALRed ombr\u00e9 set with diamonds<\/div>\n<div class=\"rlx-v7-model-section\">\n<div class=\"rlx-v7-container rlx-v7-model-section__content\">\n<div class=\"rlx-v7-body-txt\">\n<h2 class=\"rlx-v7-body-txt__headline\">Red ombr\u00e9 dial<\/h2>\n<p class=\"rlx-v7-body-txt__body\">The ombr\u00e9 dial features a coloured surface at the centre, progresses to a deep black around the edge. This dial represents the continuity of a design that Rolex introduced in the 1980s and relaunched in 2019. The manufacture of these dials with a concentric gradient involves the application of black lacquer, a delicate operation overseen by a specialist whose task it is to ensure the harmonious transition from colour to darkness.<\/p>\n<\/div>\n<\/div>\n<div class=\"rlx-v7-container rlx-v7-model-section__img\"><img loading=\"lazy\" decoding=\"async\" class=\"rlx-v7-img\" src=\"https:\/\/watchbox-sfcc.imgix.net\/plp-blank.png?w=90&amp;h=90&amp;auto=format,compress\" alt=\"\" width=\"680\" height=\"680\" \/><\/div>\n<\/div>\n<div class=\"rlx-v7-model-section\">\n<div class=\"rlx-v7-container rlx-v7-model-section__content\">\n<div class=\"rlx-v7-body-txt\">\n<h2 class=\"rlx-v7-body-txt__headline\">Fluted bezel<\/h2>\n<p class=\"rlx-v7-body-txt__body\">The Rolex fluted bezel is a mark of distinction. Originally, the fluting of the Oyster bezel had a functional purpose: it served to screw the bezel onto the case helping to ensure the waterproofness of the watch. It was therefore identical to the fluting on the case back, which was also screwed onto the case for waterproofness, using specific Rolex tools. Over time, the fluting became an aesthetic element, a genuine Rolex signature feature. Today the fluted bezel is a mark of distinction, in gold on this Datejust 31.<\/p>\n<\/div>\n<\/div>\n<div class=\"rlx-v7-container rlx-v7-model-section__img\"><img loading=\"lazy\" decoding=\"async\" class=\"rlx-v7-img\" src=\"https:\/\/watchbox-sfcc.imgix.net\/plp-blank.png?w=90&amp;h=90&amp;auto=format,compress\" alt=\"\" width=\"680\" height=\"680\" \/><\/div>\n<\/div>\n<div class=\"rlx-v7-model-section\">\n<div class=\"rlx-v7-container rlx-v7-model-section__content\">\n<div class=\"rlx-v7-body-txt\">\n<h2 class=\"rlx-v7-body-txt__headline\">18 ct yellow gold<\/h2>\n<p class=\"rlx-v7-body-txt__body\">By operating its own exclusive foundry, Rolex has the unrivalled ability to\u00a0cast the highest quality 18 ct gold alloys. According to the proportion of\u00a0silver, copper, platinum or palladium added, different types of 18 ct gold\u00a0are obtained: yellow, pink or white. They are made with only the purest metals and meticulously inspected in an in-house laboratory with state-of-the-art equipment, before the gold is formed and shaped with the same painstaking attention to quality. Rolex&#8217;s commitment to excellence begins at the source.<\/p>\n<\/div>\n<\/div>\n<div class=\"rlx-v7-container rlx-v7-model-section__img\"><img loading=\"lazy\" decoding=\"async\" class=\"rlx-v7-img\" src=\"https:\/\/watchbox-sfcc.imgix.net\/plp-blank.png?w=90&amp;h=90&amp;auto=format,compress\" alt=\"\" width=\"680\" height=\"680\" \/><\/div>\n<\/div>","protected":false},"excerpt":{"rendered":"<p>REFERENCEM278278-0049 MODEL CASEOyster, 31 mm, yellow gold BEZELFluted WATER-RESISTANCEWaterproof to 100 metres \/ 330 feet MOVEMENTPerpetual, mechanical, self-winding CALIBRE2236, Manufacture Rolex POWER RESERVEApproximately 55 hours BRACELETPresident, semi-circular three-piece links DIALRed ombr\u00e9 set with diamonds Red ombr\u00e9 dial The ombr\u00e9 dial features a coloured surface at the centre, progresses to a deep black around the edge. [&#8230;]\n","protected":false},"featured_media":2764,"comment_status":"open","ping_status":"open","template":"","meta":[],"product_brand":[131],"product_cat":[153,46],"product_tag":[],"class_list":{"0":"post-2763","1":"product","2":"type-product","3":"status-publish","4":"has-post-thumbnail","6":"product_brand-rolex","7":"product_cat-datejust","8":"product_cat-rolex","10":"first","11":"instock","12":"sale","13":"purchasable","14":"product-type-variable"},"_links":{"self":[{"href":"https:\/\/aercana.com\/de\/wp-json\/wp\/v2\/product\/2763","targetHints":{"allow":["GET"]}}],"collection":[{"href":"https:\/\/aercana.com\/de\/wp-json\/wp\/v2\/product"}],"about":[{"href":"https:\/\/aercana.com\/de\/wp-json\/wp\/v2\/types\/product"}],"replies":[{"embeddable":true,"href":"https:\/\/aercana.com\/de\/wp-json\/wp\/v2\/comments?post=2763"}],"wp:featuredmedia":[{"embeddable":true,"href":"https:\/\/aercana.com\/de\/wp-json\/wp\/v2\/media\/2764"}],"wp:attachment":[{"href":"https:\/\/aercana.com\/de\/wp-json\/wp\/v2\/media?parent=2763"}],"wp:term":[{"taxonomy":"product_brand","embeddable":true,"href":"https:\/\/aercana.com\/de\/wp-json\/wp\/v2\/product_brand?post=2763"},{"taxonomy":"product_cat","embeddable":true,"href":"https:\/\/aercana.com\/de\/wp-json\/wp\/v2\/product_cat?post=2763"},{"taxonomy":"product_tag","embeddable":true,"href":"https:\/\/aercana.com\/de\/wp-json\/wp\/v2\/product_tag?post=2763"}],"curies":[{"name":"wp","href":"https:\/\/api.w.org\/{rel}","templated":true}]}}