{"id":2374,"date":"2026-03-14T03:22:51","date_gmt":"2026-03-14T03:22:51","guid":{"rendered":"https:\/\/aercana.com\/product\/rolex-datejust-31-oyster-31-mm-yellow-gold-and-diamonds\/"},"modified":"2026-04-04T07:03:51","modified_gmt":"2026-04-04T07:03:51","slug":"rolex-datejust-31-oyster-31-mm-yellow-gold-and-diamonds","status":"publish","type":"product","link":"https:\/\/aercana.com\/de\/product\/rolex-datejust-31-oyster-31-mm-yellow-gold-and-diamonds\/","title":{"rendered":"Rolex Datejust 31 Oyster, 31 mm, yellow gold and diamonds"},"content":{"rendered":"<p>REFERENCE<br \/>\nM278288RBR-0041<br \/>\nMODEL CASE<br \/>\nOyster, 31 mm, yellow gold and diamonds<br \/>\nBEZEL<br \/>\nSet with diamonds<br \/>\nWATER-RESISTANCE<br \/>\nWaterproof to 100 metres \/ 330 feet<br \/>\nMOVEMENT<br \/>\nPerpetual, mechanical, self-winding<br \/>\nCALIBRE<br \/>\n2236, Manufacture Rolex<br \/>\nPOWER RESERVE<br \/>\nApproximately 55 hours<br \/>\nBRACELET<br \/>\nPresident, semi-circular three-piece links<br \/>\nDIAL<br \/>\nRed ombr\u00e9 set with diamonds<\/p>\n<section class=\"rlx-v7-model-features\">\n<div class=\"rlx-v7-model-section\">\n<div class=\"rlx-v7-container rlx-v7-model-section__content\">\n<div class=\"rlx-v7-body-txt\">\n<h2 class=\"rlx-v7-body-txt__headline\">Red ombr\u00e9 dial<\/h2>\n<p class=\"rlx-v7-body-txt__body\">The ombr\u00e9 dial features a coloured surface at the centre, progresses to a deep black around the edge. This dial represents the continuity of a design that Rolex introduced in the 1980s and relaunched in 2019. The manufacture of these dials with a concentric gradient involves the application of black lacquer, a delicate operation overseen by a specialist whose task it is to ensure the harmonious transition from colour to darkness.<\/p>\n<\/div>\n<\/div>\n<div class=\"rlx-v7-container rlx-v7-model-section__img\"><img loading=\"lazy\" decoding=\"async\" class=\"rlx-v7-img\" src=\"https:\/\/watchbox-sfcc.imgix.net\/plp-blank.png?w=90&amp;h=90&amp;auto=format,compress\" alt=\"\" width=\"680\" height=\"680\" \/><\/div>\n<\/div>\n<div class=\"rlx-v7-model-section\">\n<div class=\"rlx-v7-container rlx-v7-model-section__content\">\n<div class=\"rlx-v7-body-txt\">\n<h2 class=\"rlx-v7-body-txt__headline\">Diamond-set bezel<\/h2>\n<p class=\"rlx-v7-body-txt__body\">Gem-setters, like sculptors, finely carve the precious metal to hand-shape the seat in which each gemstone will be perfectly lodged. With the art and craft of a jeweller, the stone is placed and meticulously aligned with the others, then firmly secured in its gold or platinum setting. Besides the intrinsic quality of the stones, several other criteria contribute to the beauty of Rolex gem-setting: the precise alignment of the height of the gems, their orientation and position, the regularity, strength and proportions of the setting as well as the intricate finishing of the metalwork. A sparkling symphony to enhance the watch and enchant the wearer.<\/p>\n<\/div>\n<\/div>\n<div class=\"rlx-v7-container rlx-v7-model-section__img\"><img loading=\"lazy\" decoding=\"async\" class=\"rlx-v7-img\" src=\"https:\/\/watchbox-sfcc.imgix.net\/plp-blank.png?w=90&amp;h=90&amp;auto=format,compress\" alt=\"\" width=\"680\" height=\"680\" \/><\/div>\n<\/div>\n<div class=\"rlx-v7-model-section\">\n<div class=\"rlx-v7-container rlx-v7-model-section__content\">\n<div class=\"rlx-v7-body-txt\">\n<h2 class=\"rlx-v7-body-txt__headline\">18 kt yellow gold<\/h2>\n<p class=\"rlx-v7-body-txt__body\">By operating its own exclusive foundry, Rolex has the unrivalled ability to\u00a0cast the highest quality 18 kt gold alloys. According to the proportion of\u00a0silver, copper, platinum or palladium added, different types of 18 kt gold\u00a0are obtained: yellow, pink or white. They are made with only the purest metals and meticulously inspected in an in-house laboratory with state-of-the-art equipment, before the gold is formed and shaped with the same painstaking attention to quality. Rolex&#8217;s commitment to excellence begins at the source.<\/p>\n<\/div>\n<\/div>\n<div class=\"rlx-v7-container rlx-v7-model-section__img\"><img loading=\"lazy\" decoding=\"async\" class=\"rlx-v7-img\" src=\"https:\/\/watchbox-sfcc.imgix.net\/plp-blank.png?w=90&amp;h=90&amp;auto=format,compress\" alt=\"\" width=\"680\" height=\"680\" \/><\/div>\n<\/div>\n<\/section>\n<section id=\"availability\" class=\"rlx-v7-model-availability rlx-v7-page-section rlx-v7-container\">\n<div class=\"rlx-v7-model-availability__wrap u-bg-beige-rlx-v7\"><\/div>\n<\/section>","protected":false},"excerpt":{"rendered":"<p>REFERENCE M278288RBR-0041 MODEL CASE Oyster, 31 mm, yellow gold and diamonds BEZEL Set with diamonds WATER-RESISTANCE Waterproof to 100 metres \/ 330 feet MOVEMENT Perpetual, mechanical, self-winding CALIBRE 2236, Manufacture Rolex POWER RESERVE Approximately 55 hours BRACELET President, semi-circular three-piece links DIAL Red ombr\u00e9 set with diamonds Red ombr\u00e9 dial The ombr\u00e9 dial features a [&#8230;]\n","protected":false},"featured_media":2375,"comment_status":"open","ping_status":"open","template":"","meta":[],"product_brand":[131],"product_cat":[153,46],"product_tag":[],"class_list":{"0":"post-2374","1":"product","2":"type-product","3":"status-publish","4":"has-post-thumbnail","6":"product_brand-rolex","7":"product_cat-datejust","8":"product_cat-rolex","10":"first","11":"instock","12":"sale","13":"purchasable","14":"product-type-variable"},"_links":{"self":[{"href":"https:\/\/aercana.com\/de\/wp-json\/wp\/v2\/product\/2374","targetHints":{"allow":["GET"]}}],"collection":[{"href":"https:\/\/aercana.com\/de\/wp-json\/wp\/v2\/product"}],"about":[{"href":"https:\/\/aercana.com\/de\/wp-json\/wp\/v2\/types\/product"}],"replies":[{"embeddable":true,"href":"https:\/\/aercana.com\/de\/wp-json\/wp\/v2\/comments?post=2374"}],"wp:featuredmedia":[{"embeddable":true,"href":"https:\/\/aercana.com\/de\/wp-json\/wp\/v2\/media\/2375"}],"wp:attachment":[{"href":"https:\/\/aercana.com\/de\/wp-json\/wp\/v2\/media?parent=2374"}],"wp:term":[{"taxonomy":"product_brand","embeddable":true,"href":"https:\/\/aercana.com\/de\/wp-json\/wp\/v2\/product_brand?post=2374"},{"taxonomy":"product_cat","embeddable":true,"href":"https:\/\/aercana.com\/de\/wp-json\/wp\/v2\/product_cat?post=2374"},{"taxonomy":"product_tag","embeddable":true,"href":"https:\/\/aercana.com\/de\/wp-json\/wp\/v2\/product_tag?post=2374"}],"curies":[{"name":"wp","href":"https:\/\/api.w.org\/{rel}","templated":true}]}}